{"id":2184,"date":"2023-05-10T15:54:49","date_gmt":"2023-05-10T13:54:49","guid":{"rendered":"https:\/\/dev.everpress.everapps.dev\/?page_id=2184"},"modified":"2025-07-01T13:06:22","modified_gmt":"2025-07-01T11:06:22","slug":"formularbestaetigung","status":"publish","type":"page","link":"https:\/\/www.rafadent.com\/shop\/kontakt\/formularbestaetigung\/","title":{"rendered":"Formularbest\u00e4tigung"},"content":{"rendered":"<div class=\"ep-content-dynamic  bg-light space \"><div class=\"row   default-start default-top\"><div class=\"col \"><h1>Vielen Dank!<\/h1>\n<p>Ihre Nachricht wurde erfolgreich an uns \u00fcbermittelt. Wir werden Ihr Anliegen schnellstm\u00f6glich bearbeiten und uns dann mit Ihnen in Verbindung setzen. In dringenden F\u00e4llen kontaktieren Sie uns bitte telefonisch.<\/p>\n<\/div><\/div><\/div>","protected":false},"excerpt":{"rendered":"","protected":false},"author":1,"featured_media":0,"parent":2181,"menu_order":0,"comment_status":"closed","ping_status":"closed","template":"","meta":{"_acf_changed":false,"footnotes":""},"class_list":["post-2184","page","type-page","status-publish","hentry"],"acf":[],"_links":{"self":[{"href":"https:\/\/www.rafadent.com\/shop\/wp-json\/wp\/v2\/pages\/2184","targetHints":{"allow":["GET"]}}],"collection":[{"href":"https:\/\/www.rafadent.com\/shop\/wp-json\/wp\/v2\/pages"}],"about":[{"href":"https:\/\/www.rafadent.com\/shop\/wp-json\/wp\/v2\/types\/page"}],"author":[{"embeddable":true,"href":"https:\/\/www.rafadent.com\/shop\/wp-json\/wp\/v2\/users\/1"}],"replies":[{"embeddable":true,"href":"https:\/\/www.rafadent.com\/shop\/wp-json\/wp\/v2\/comments?post=2184"}],"version-history":[{"count":1,"href":"https:\/\/www.rafadent.com\/shop\/wp-json\/wp\/v2\/pages\/2184\/revisions"}],"predecessor-version":[{"id":6264,"href":"https:\/\/www.rafadent.com\/shop\/wp-json\/wp\/v2\/pages\/2184\/revisions\/6264"}],"up":[{"embeddable":true,"href":"https:\/\/www.rafadent.com\/shop\/wp-json\/wp\/v2\/pages\/2181"}],"wp:attachment":[{"href":"https:\/\/www.rafadent.com\/shop\/wp-json\/wp\/v2\/media?parent=2184"}],"curies":[{"name":"wp","href":"https:\/\/api.w.org\/{rel}","templated":true}]}}