{"id":853,"date":"2023-01-24T14:57:36","date_gmt":"2023-01-24T13:57:36","guid":{"rendered":"https:\/\/dev.everpress.everapps.dev\/impressum\/"},"modified":"2024-08-06T17:48:08","modified_gmt":"2024-08-06T15:48:08","slug":"impressum","status":"publish","type":"page","link":"https:\/\/www.rafadent.com\/shop\/impressum\/","title":{"rendered":"Impressum"},"content":{"rendered":"<div class=\"ep-content-dynamic  bg-light space \"><div class=\"row   default-start default-top\"><div class=\"col \"><div class=\"row\">\n<div class=\"col\">\n<h1>Impressum <span>Rafa-Dent Gmbh &#8211; Altenberge<\/span><\/h1>\n<\/div>\n<div class=\"col large-6\">\n<dl>\n<dt>Firmenname:<\/dt>\n<dd>Rafa-Dent Gmbh<\/dd>\n<dt>Adresse:<\/dt>\n<dd>Anne-Frank-Ring 68, 48565 Steinfurt &#8211; Deutschland<\/dd>\n<dt>Telefon:<\/dt>\n<dd><a href=\"tel:+4925059279997\" class=\" phone\" title=\"Rafa-Dent Gmbh - Altenberge in 48341 Altenberge anrufen\">+49 250 5 92 79 997<\/a><\/dd>\n<dt>Mobil:<\/dt>\n<dd><a href=\"tel:+491723272116\" class=\" phone\" title=\"Rafa-Dent Gmbh - Altenberge in 48341 Altenberge anrufen\">+49 172 3 27 21 16<\/a><\/dd>\n<dt>E-Mail:<\/dt>\n<dd><a href=\"https:\/\/www.rafadent.com\/shop\" class=\" escape email\" title=\"E-Mail an Rafa-Dent Gmbh - Altenberge at 48341 Altenberge senden\" data-email='{\"name\":\"info\",\"host\":\"rafadent.com\"}'>info<span class=\"escape\">&part;<\/span>rafadent.com<\/a><\/dd>\n<dt>Internetadresse:<\/dt>\n<dd><a href=\"https:\/\/www.rafadent.com\/shop\" title=\"Webseite\">https:\/\/www.rafadent.com\/shop<\/a><\/dd>\n<\/dl><\/div>\n<div class=\"col large-6\">\n<dl>\n<dt>\n\t\t\t\tGesch\u00e4ftsf\u00fchrer:\t\t\t<\/dt>\n<dd>Rafat Al Mstrehi<\/dd>\n<dt>Rechtsform:<\/dt>\n<dd>GmbH<\/dd>\n<dt>Umsatzsteuer ID:<\/dt>\n<dd>DE367965065<\/dd>\n<dt>Registerort:<\/dt>\n<dd>Amtsgericht Steinfurt<\/dd>\n<dt>Registernummer:<\/dt>\n<dd>HRB 14861<\/dd>\n<\/dl><\/div>\n<div class=\"col\">\n<h2 class=\"h4\">Alternative Streitbeilegung gem\u00e4\u00df Art. 14 Abs. 1 ODR-VO und \u00a7 36 VSBG<\/h2>\n<p>Online-Streitbeilegung gem\u00e4\u00df Art. 14 Abs. 1 ODR-VO: Die Europ\u00e4ische Kommission stellt eine Plattform zur Online-Streitbeilegung (OS) bereit, die Sie hier finden: <a target=\"_blank\" href=\"http:\/\/ec.europa.eu\/consumers\/odr\/\" title=\"Online-Streitbeilegung\" rel=\"nofollow\">http:\/\/ec.europa.eu\/consumers\/odr\/<\/a>. Dar\u00fcber hinaus nimmt unser Betrieb an einem Verbraucherstreitigkeitsverfahren nicht teil.<\/p>\n<p>Bitte beachten Sie auch unsere <a href=\"https:\/\/www.rafadent.com\/shop\/datenschutzerklaerung\/\" title=\"Datenschutz Rafa-Dent Gmbh\">Datenschutzerkl\u00e4rung<\/a>.<\/p>\n<\/div>\n<\/div>\n<\/div><\/div><\/div>","protected":false},"excerpt":{"rendered":"","protected":false},"author":1,"featured_media":0,"parent":0,"menu_order":0,"comment_status":"closed","ping_status":"closed","template":"","meta":{"_acf_changed":false,"footnotes":""},"class_list":["post-853","page","type-page","status-publish","hentry"],"acf":[],"_links":{"self":[{"href":"https:\/\/www.rafadent.com\/shop\/wp-json\/wp\/v2\/pages\/853","targetHints":{"allow":["GET"]}}],"collection":[{"href":"https:\/\/www.rafadent.com\/shop\/wp-json\/wp\/v2\/pages"}],"about":[{"href":"https:\/\/www.rafadent.com\/shop\/wp-json\/wp\/v2\/types\/page"}],"author":[{"embeddable":true,"href":"https:\/\/www.rafadent.com\/shop\/wp-json\/wp\/v2\/users\/1"}],"replies":[{"embeddable":true,"href":"https:\/\/www.rafadent.com\/shop\/wp-json\/wp\/v2\/comments?post=853"}],"version-history":[{"count":0,"href":"https:\/\/www.rafadent.com\/shop\/wp-json\/wp\/v2\/pages\/853\/revisions"}],"wp:attachment":[{"href":"https:\/\/www.rafadent.com\/shop\/wp-json\/wp\/v2\/media?parent=853"}],"curies":[{"name":"wp","href":"https:\/\/api.w.org\/{rel}","templated":true}]}}