{"id":6177,"date":"2025-06-30T14:39:36","date_gmt":"2025-06-30T12:39:36","guid":{"rendered":"https:\/\/www.rafadent.com\/shop\/?post_type=product&#038;p=6177"},"modified":"2025-07-03T11:25:53","modified_gmt":"2025-07-03T09:25:53","slug":"starter-kit","status":"publish","type":"product","link":"https:\/\/www.rafadent.com\/shop\/product\/starter-kit\/","title":{"rendered":"Starterkit"},"content":{"rendered":"<p>Das Starter-Kit enth\u00e4lt alle wichtigen Werkzeuge und L\u00f6ffel in allen Gr\u00f6\u00dfen, die ben\u00f6tigt werden, um mit dem Rafa-Tray einen perfekten Eindruck zu hinterlassen.<\/p>\n<p>Rafa-Dent Starter-Kit, die perfekte Einf\u00fchrung in die Welt von Rafa-Dent world und dem innovativen Rafa-Tray.<\/p>\n<p>Mit diesem Kit ben\u00f6tigen Sie keine weiteren Hilfsmittel f\u00fcr den Abdruckprozess.<\/p>\n<p><strong>Inhalt des Starter-Kits:<\/strong><\/p>\n<ul>\n<li>\n    <strong>1 &#8211; Rafa-Tray Abforml\u00f6ffel alle Gr\u00f6\u00dfen (US-UM-UL), (LS-LM-LL), (IU-IL), (UQR-UQL) &#038; (LQR-LQL) je 1 St\u00fcck pro Gr\u00f6\u00dfe<\/strong>\n  <\/li>\n<li><strong>2 &#8211; Stanzer-Rohr<\/strong><\/li>\n<li><strong>3 &#8211; Stanzer-Griff<\/strong><\/li>\n<li><strong>4 &#8211; Kleber<\/strong><\/li>\n<li><strong>5 &#8211; Trephin<\/strong><\/li>\n<li><strong>6 &#8211; Silikonkappe<\/strong><\/li>\n<li><strong>7- Innensechskantschl\u00fcssel<\/strong><\/li>\n<li>\n    <strong>8 &#8211; Detailliertes Anleitungspamphlet:<\/strong> Eine bebilderte und leicht verst\u00e4ndliche Schritt-f\u00fcr-Schritt-Anleitung, die Sie sicher durch den Abdruckprozess f\u00fchrt.\n  <\/li>\n<\/ul>\n","protected":false},"excerpt":{"rendered":"<p>Das Starter-Kit enth\u00e4lt alle wichtigen Werkzeuge und L\u00f6ffeln in allen Gr\u00f6\u00dfen, um mit Rafa-tray einen perfekten Eindruck zu hinterlassen.<\/p>\n","protected":false},"featured_media":6178,"comment_status":"closed","ping_status":"closed","template":"","meta":{"_acf_changed":false},"product_brand":[],"product_cat":[270],"product_tag":[],"class_list":{"0":"post-6177","1":"product","2":"type-product","3":"status-publish","4":"has-post-thumbnail","6":"product_cat-abformloeffel","8":"first","9":"instock","10":"featured","11":"taxable","12":"shipping-taxable","13":"product-type-simple"},"acf":[],"_links":{"self":[{"href":"https:\/\/www.rafadent.com\/shop\/wp-json\/wp\/v2\/product\/6177","targetHints":{"allow":["GET"]}}],"collection":[{"href":"https:\/\/www.rafadent.com\/shop\/wp-json\/wp\/v2\/product"}],"about":[{"href":"https:\/\/www.rafadent.com\/shop\/wp-json\/wp\/v2\/types\/product"}],"replies":[{"embeddable":true,"href":"https:\/\/www.rafadent.com\/shop\/wp-json\/wp\/v2\/comments?post=6177"}],"wp:featuredmedia":[{"embeddable":true,"href":"https:\/\/www.rafadent.com\/shop\/wp-json\/wp\/v2\/media\/6178"}],"wp:attachment":[{"href":"https:\/\/www.rafadent.com\/shop\/wp-json\/wp\/v2\/media?parent=6177"}],"wp:term":[{"taxonomy":"product_brand","embeddable":true,"href":"https:\/\/www.rafadent.com\/shop\/wp-json\/wp\/v2\/product_brand?post=6177"},{"taxonomy":"product_cat","embeddable":true,"href":"https:\/\/www.rafadent.com\/shop\/wp-json\/wp\/v2\/product_cat?post=6177"},{"taxonomy":"product_tag","embeddable":true,"href":"https:\/\/www.rafadent.com\/shop\/wp-json\/wp\/v2\/product_tag?post=6177"}],"curies":[{"name":"wp","href":"https:\/\/api.w.org\/{rel}","templated":true}]}}